{"id":968,"date":"2023-11-12T17:03:56","date_gmt":"2023-11-12T17:03:56","guid":{"rendered":"http:\/\/patrick-friedl.de\/wps\/?page_id=968"},"modified":"2023-11-14T09:10:41","modified_gmt":"2023-11-14T09:10:41","slug":"presse","status":"publish","type":"page","link":"https:\/\/patrick-friedl.de\/wps\/presse\/","title":{"rendered":"Pressemitteilungen"},"content":{"rendered":"<ul class=\"wp-block-latest-posts__list has-dates wp-block-latest-posts\"><li><a class=\"wp-block-latest-posts__post-title\" href=\"https:\/\/patrick-friedl.de\/wps\/2025\/07\/03\/alarmstufe-rot-fuer-bayerns-gewaesser\/\">Alarmstufe Rot f\u00fcr Bayerns Gew\u00e4sser<\/a><time datetime=\"2025-07-03T17:37:28+01:00\" class=\"wp-block-latest-posts__post-date\">3 Juli 2025<\/time><\/li>\n<li><div class=\"wp-block-latest-posts__featured-image alignleft\"><a href=\"https:\/\/patrick-friedl.de\/wps\/2025\/06\/03\/patrick-friedl-will-hitze-notfallzentrum\/\" aria-label=\"Patrick Friedl will Hitze-Notfallzentrum\"><img loading=\"lazy\" decoding=\"async\" width=\"150\" height=\"150\" src=\"https:\/\/patrick-friedl.de\/wps\/wp-content\/uploads\/2025\/06\/Hitze-Notfallzentrum-fuer-Bayern-\u2013-Koordination-\u201eKuehler-Raeume-und-Hitzetelefon-150x150.png\" class=\"attachment-thumbnail size-thumbnail wp-post-image\" alt=\"\" style=\"max-width:38px;max-height:38px;\" \/><\/a><\/div><a class=\"wp-block-latest-posts__post-title\" href=\"https:\/\/patrick-friedl.de\/wps\/2025\/06\/03\/patrick-friedl-will-hitze-notfallzentrum\/\">Patrick Friedl will Hitze-Notfallzentrum<\/a><time datetime=\"2025-06-03T17:48:01+01:00\" class=\"wp-block-latest-posts__post-date\">3 Juni 2025<\/time><\/li>\n<li><div class=\"wp-block-latest-posts__featured-image alignleft\"><a href=\"https:\/\/patrick-friedl.de\/wps\/2025\/01\/16\/friedl-sieht-klimaschutz-in-bayern-akut-gefaehrdet-stellungnahme-zur-geplanten-verschiebung-der-klimaziele-in-bayern\/\" aria-label=\"Friedl sieht Klimaschutz in Bayern akut gef\u00e4hrdet &#8211; Stellungnahme zur geplanten Verschiebung der Klimaziele in Bayern\"><img loading=\"lazy\" decoding=\"async\" width=\"150\" height=\"150\" src=\"https:\/\/patrick-friedl.de\/wps\/wp-content\/uploads\/2025\/01\/KSK-Wue-6-150x150.png\" class=\"attachment-thumbnail size-thumbnail wp-post-image\" alt=\"\" style=\"max-width:38px;max-height:38px;\" \/><\/a><\/div><a class=\"wp-block-latest-posts__post-title\" href=\"https:\/\/patrick-friedl.de\/wps\/2025\/01\/16\/friedl-sieht-klimaschutz-in-bayern-akut-gefaehrdet-stellungnahme-zur-geplanten-verschiebung-der-klimaziele-in-bayern\/\">Friedl sieht Klimaschutz in Bayern akut gef\u00e4hrdet &#8211; Stellungnahme zur geplanten Verschiebung der Klimaziele in Bayern<\/a><time datetime=\"2025-01-16T11:00:59+00:00\" class=\"wp-block-latest-posts__post-date\">16 Januar 2025<\/time><\/li>\n<\/ul>\n\n\n<div style=\"height:58px\" aria-hidden=\"true\" class=\"wp-block-spacer\"><\/div>\n\n\n\n<h2 class=\"wp-block-heading\">Pressebilder<\/h2>\n\n\n\n<figure class=\"wp-block-gallery has-nested-images columns-default is-cropped wp-block-gallery-1 is-layout-flex wp-block-gallery-is-layout-flex\">\n<figure class=\"wp-block-image size-large\"><img loading=\"lazy\" decoding=\"async\" width=\"1024\" height=\"676\" data-id=\"585\" src=\"http:\/\/patrick-friedl.de\/wps\/wp-content\/uploads\/2022\/08\/Patrick_Friedl__Niklas_Wunderlich_-_Portrt-1024x676.jpg\" alt=\"Patrick Friedl\" class=\"wp-image-585\" srcset=\"https:\/\/patrick-friedl.de\/wps\/wp-content\/uploads\/2022\/08\/Patrick_Friedl__Niklas_Wunderlich_-_Portrt-1024x676.jpg 1024w, https:\/\/patrick-friedl.de\/wps\/wp-content\/uploads\/2022\/08\/Patrick_Friedl__Niklas_Wunderlich_-_Portrt-300x198.jpg 300w, https:\/\/patrick-friedl.de\/wps\/wp-content\/uploads\/2022\/08\/Patrick_Friedl__Niklas_Wunderlich_-_Portrt-768x507.jpg 768w, https:\/\/patrick-friedl.de\/wps\/wp-content\/uploads\/2022\/08\/Patrick_Friedl__Niklas_Wunderlich_-_Portrt-1536x1014.jpg 1536w, https:\/\/patrick-friedl.de\/wps\/wp-content\/uploads\/2022\/08\/Patrick_Friedl__Niklas_Wunderlich_-_Portrt-2048x1352.jpg 2048w\" sizes=\"auto, (max-width: 1024px) 100vw, 1024px\" \/><\/figure>\n\n\n\n<figure class=\"wp-block-image size-large\"><img loading=\"lazy\" decoding=\"async\" width=\"749\" height=\"500\" data-id=\"259\" src=\"http:\/\/patrick-friedl.de\/wps\/wp-content\/uploads\/2020\/07\/thumbnail_image001.jpg\" alt=\"\" class=\"wp-image-259\" srcset=\"https:\/\/patrick-friedl.de\/wps\/wp-content\/uploads\/2020\/07\/thumbnail_image001.jpg 749w, https:\/\/patrick-friedl.de\/wps\/wp-content\/uploads\/2020\/07\/thumbnail_image001-300x200.jpg 300w\" sizes=\"auto, (max-width: 749px) 100vw, 749px\" \/><\/figure>\n\n\n\n<figure class=\"wp-block-image size-large\"><img decoding=\"async\" data-id=\"813\" src=\"http:\/\/patrick-friedl.de\/wps\/wp-content\/uploads\/2023\/10\/Patrick_Friedl_-_Portrt_-_Foto_Patty_Varasano.jpg\" alt=\"\" class=\"wp-image-813\"\/><\/figure>\n\n\n\n<figure class=\"wp-block-image size-large\"><img loading=\"lazy\" decoding=\"async\" width=\"952\" height=\"1024\" data-id=\"620\" src=\"http:\/\/patrick-friedl.de\/wps\/wp-content\/uploads\/2023\/01\/Patrick_Friedl_an_Baum-952x1024.jpg\" alt=\"Patrick Friedl Bewerbung als Direktkandidat zur Landtagswahl 2023 im Stimmkreis W\u00fcrzburg, Gerbrunn und Rottendorf\" class=\"wp-image-620\" srcset=\"https:\/\/patrick-friedl.de\/wps\/wp-content\/uploads\/2023\/01\/Patrick_Friedl_an_Baum-952x1024.jpg 952w, https:\/\/patrick-friedl.de\/wps\/wp-content\/uploads\/2023\/01\/Patrick_Friedl_an_Baum-279x300.jpg 279w, https:\/\/patrick-friedl.de\/wps\/wp-content\/uploads\/2023\/01\/Patrick_Friedl_an_Baum-768x826.jpg 768w, https:\/\/patrick-friedl.de\/wps\/wp-content\/uploads\/2023\/01\/Patrick_Friedl_an_Baum-1429x1536.jpg 1429w, https:\/\/patrick-friedl.de\/wps\/wp-content\/uploads\/2023\/01\/Patrick_Friedl_an_Baum-1905x2048.jpg 1905w\" sizes=\"auto, (max-width: 952px) 100vw, 952px\" \/><figcaption class=\"wp-element-caption\">Patrick Friedl &#8211; MdL<\/figcaption><\/figure>\n<\/figure>\n\n\n\n<div style=\"height:100px\" aria-hidden=\"true\" class=\"wp-block-spacer\"><\/div>\n\n\n<div class=\"has-background latest-posts wp-block-sunflower-latest-posts\">\n        <div class=\"wp-block-group__inner-container\">\n            <h2 class=\"text-center h1\">Aktuelle Pressemitteilungen<\/h2>\n                <div class=\"row\" data-masonry='{\"percentPosition\": true }'><div class=\"col-md-6\">\n<article id=\"post-2067\" class=\"bg-white mb-4 has-shadow post-2067 post type-post status-publish format-standard hentry category-klimaanpassung category-naturschutz category-pressemitteilungen-naturschutz category-pressemitteilungen-weitere-themen category-pressemitteilungen\">\n\t<div class=\"\">\n\t\t\t\t<div class=\"p-45\">\n\t\t\t<header class=\"entry-header mb-2\">\n\t\t\t\t\t\t\t\t<h2 class=\"card-title h4 mb-3\"><a href=\"https:\/\/patrick-friedl.de\/wps\/2025\/07\/03\/alarmstufe-rot-fuer-bayerns-gewaesser\/\" rel=\"bookmark\">Alarmstufe Rot f\u00fcr Bayerns Gew\u00e4sser<\/a><\/h2>\t\t\t\t\t<div class=\"entry-meta mb-3\">\n\t\t\t\t\t\t<span class=\"posted-on\"><time class=\"entry-date published\" datetime=\"2025-07-03T17:37:28+01:00\">3 Juli 2025<\/time><time class=\"updated\" datetime=\"2025-07-03T17:37:29+01:00\">3 Juli 2025<\/time><\/span>\t\t\t\t\t<\/div><!-- .entry-meta -->\n\t\t\t\t\t\t\t\t<\/header><!-- .entry-header -->\n\n\t\t\t<div class=\"entry-content\">\n\t\t\t\t<a href=\"https:\/\/patrick-friedl.de\/wps\/2025\/07\/03\/alarmstufe-rot-fuer-bayerns-gewaesser\/\" rel=\"bookmark\">\n\t\t\t\t<p>MdL Patrick Friedl fordert jetzt zu handeln, um ein Fischsterben und schwere \u00f6kologische Sch\u00e4den noch abzuwenden \u201eDie dramatische Lage am Main und in vielen weiteren bayerischen Gew\u00e4ssern ist ein un\u00fcberh\u00f6rbarer [&hellip;]<\/p>\n\t\t\t\t<\/a>\n\t\t\t<\/div><!-- .entry-content -->\n\n\t\t\t<footer class=\"entry-footer\">\n\t\t\t\t\t\t\t<div class=\"d-flex mt-2 mb-2\">\n\t\t\t\t\t\t\t\t<div>\n\t\t<span class=\"cat-links small\"><a href=\"https:\/\/patrick-friedl.de\/wps\/category\/landtag\/klimaanpassung\/\" rel=\"category tag\">Klimaanpassung<\/a>, <a href=\"https:\/\/patrick-friedl.de\/wps\/category\/landtag\/naturschutz\/\" rel=\"category tag\">Naturschutz<\/a>, <a href=\"https:\/\/patrick-friedl.de\/wps\/category\/landtag\/naturschutz\/pressemitteilungen-naturschutz\/\" rel=\"category tag\">Pressemitteilungen<\/a>, <a href=\"https:\/\/patrick-friedl.de\/wps\/category\/landtag\/weitere-themen\/pressemitteilungen-weitere-themen\/\" rel=\"category tag\">Pressemitteilungen<\/a>, <a href=\"https:\/\/patrick-friedl.de\/wps\/category\/landtag\/klimaanpassung\/pressemitteilungen\/\" rel=\"category tag\">Pressemitteilungen<\/a><\/span>\n\t\t\t\t<\/div>\n\t\t\t<\/div>\n\t\t\n\t\t\t\t<div class=\"d-flex flex-row-reverse\">\n\t\t\t\t\t<a href=\"https:\/\/patrick-friedl.de\/wps\/2025\/07\/03\/alarmstufe-rot-fuer-bayerns-gewaesser\/\" rel=\"bookmark\" class=\"continue-reading\">\n\t\t\t\t\tweiterlesen\t\t\t\t<\/a>\n\t\t\t\t<\/div>\n\t\t\t<\/footer><!-- .entry-footer -->\n\t\t<\/div>\n\t<\/div>\n<\/article><!-- #post-2067 -->\n<\/div><div class=\"col-md-6\">\n<article id=\"post-2013\" class=\"bg-white mb-4 has-shadow post-2013 post type-post status-publish format-standard has-post-thumbnail hentry category-klimaanpassung category-landtag category-pressemitteilungen-corona category-pressemitteilungen\">\n\t<div class=\"\">\n\t\t\t\t\t<div class=\"\">\n\t\t\t\t<a href=\"https:\/\/patrick-friedl.de\/wps\/2025\/06\/03\/patrick-friedl-will-hitze-notfallzentrum\/\" aria-label=\"Post Thumbnail\" rel=\"bookmark\">\n\t\t\t\t\t\t\t\t<img loading=\"lazy\" decoding=\"async\" width=\"768\" height=\"432\" src=\"https:\/\/patrick-friedl.de\/wps\/wp-content\/uploads\/2025\/06\/Hitze-Notfallzentrum-fuer-Bayern-\u2013-Koordination-\u201eKuehler-Raeume-und-Hitzetelefon-768x432.png\" class=\"post-thumbnail wp-post-image\" alt=\"Patrick Friedl will Hitze-Notfallzentrum\" \/>\n\n\t\t\t\t\t\t\t<\/a>\n\t\t\t<\/div>\n\t\t\t\t\t<div class=\"p-45\">\n\t\t\t<header class=\"entry-header mb-2\">\n\t\t\t\t\t\t\t\t<h2 class=\"card-title h4 mb-3\"><a href=\"https:\/\/patrick-friedl.de\/wps\/2025\/06\/03\/patrick-friedl-will-hitze-notfallzentrum\/\" rel=\"bookmark\">Patrick Friedl will Hitze-Notfallzentrum<\/a><\/h2>\t\t\t\t\t<div class=\"entry-meta mb-3\">\n\t\t\t\t\t\t<span class=\"posted-on\"><time class=\"entry-date published\" datetime=\"2025-06-03T17:48:01+01:00\">3 Juni 2025<\/time><time class=\"updated\" datetime=\"2025-07-01T13:28:53+01:00\">1 Juli 2025<\/time><\/span>\t\t\t\t\t<\/div><!-- .entry-meta -->\n\t\t\t\t\t\t\t\t<\/header><!-- .entry-header -->\n\n\t\t\t<div class=\"entry-content\">\n\t\t\t\t<a href=\"https:\/\/patrick-friedl.de\/wps\/2025\/06\/03\/patrick-friedl-will-hitze-notfallzentrum\/\" rel=\"bookmark\">\n\t\t\t\t<p>Anl\u00e4sslich des morgigen Hitzeaktionstags hat Gr\u00fcnen-Landtagsabgeordneter und Sprecher f\u00fcr Klimaanpassung seiner Fraktion Patrick Friedl ein Hitze-Notfallzentrum f\u00fcr Bayern. Ziele sind unter anderem ein \u201eBayernnetz &#8211; K\u00fchler R\u00e4ume\u201c und ein bayernweites [&hellip;]<\/p>\n\t\t\t\t<\/a>\n\t\t\t<\/div><!-- .entry-content -->\n\n\t\t\t<footer class=\"entry-footer\">\n\t\t\t\t\t\t\t<div class=\"d-flex mt-2 mb-2\">\n\t\t\t\t\t\t\t\t<div>\n\t\t<span class=\"cat-links small\"><a href=\"https:\/\/patrick-friedl.de\/wps\/category\/landtag\/klimaanpassung\/\" rel=\"category tag\">Klimaanpassung<\/a>, <a href=\"https:\/\/patrick-friedl.de\/wps\/category\/landtag\/\" rel=\"category tag\">Landtag<\/a>, <a href=\"https:\/\/patrick-friedl.de\/wps\/category\/landtag\/corona\/pressemitteilungen-corona\/\" rel=\"category tag\">Pressemitteilungen<\/a>, <a href=\"https:\/\/patrick-friedl.de\/wps\/category\/landtag\/klimaanpassung\/pressemitteilungen\/\" rel=\"category tag\">Pressemitteilungen<\/a><\/span>\n\t\t\t\t<\/div>\n\t\t\t<\/div>\n\t\t\n\t\t\t\t<div class=\"d-flex flex-row-reverse\">\n\t\t\t\t\t<a href=\"https:\/\/patrick-friedl.de\/wps\/2025\/06\/03\/patrick-friedl-will-hitze-notfallzentrum\/\" rel=\"bookmark\" class=\"continue-reading\">\n\t\t\t\t\tweiterlesen\t\t\t\t<\/a>\n\t\t\t\t<\/div>\n\t\t\t<\/footer><!-- .entry-footer -->\n\t\t<\/div>\n\t<\/div>\n<\/article><!-- #post-2013 -->\n<\/div><div class=\"col-md-6\">\n<article id=\"post-1455\" class=\"bg-white mb-4 has-shadow post-1455 post type-post status-publish format-standard has-post-thumbnail hentry category-klimaanpassung category-landtag category-naturschutz category-pressemitteilungen-naturschutz category-pressemitteilungen-corona category-pressemitteilungen\">\n\t<div class=\"\">\n\t\t\t\t\t<div class=\"\">\n\t\t\t\t<a href=\"https:\/\/patrick-friedl.de\/wps\/2025\/01\/16\/friedl-sieht-klimaschutz-in-bayern-akut-gefaehrdet-stellungnahme-zur-geplanten-verschiebung-der-klimaziele-in-bayern\/\" aria-label=\"Post Thumbnail\" rel=\"bookmark\">\n\t\t\t\t\t\t\t\t<img loading=\"lazy\" decoding=\"async\" width=\"768\" height=\"432\" src=\"https:\/\/patrick-friedl.de\/wps\/wp-content\/uploads\/2025\/01\/KSK-Wue-6-768x432.png\" class=\"post-thumbnail wp-post-image\" alt=\"Friedl sieht Klimaschutz in Bayern akut gef\u00e4hrdet &#8211; Stellungnahme zur geplanten Verschiebung der Klimaziele in Bayern\" \/>\n\n\t\t\t\t\t\t\t<\/a>\n\t\t\t<\/div>\n\t\t\t\t\t<div class=\"p-45\">\n\t\t\t<header class=\"entry-header mb-2\">\n\t\t\t\t\t\t\t\t<h2 class=\"card-title h4 mb-3\"><a href=\"https:\/\/patrick-friedl.de\/wps\/2025\/01\/16\/friedl-sieht-klimaschutz-in-bayern-akut-gefaehrdet-stellungnahme-zur-geplanten-verschiebung-der-klimaziele-in-bayern\/\" rel=\"bookmark\">Friedl sieht Klimaschutz in Bayern akut gef\u00e4hrdet &#8211; Stellungnahme zur geplanten Verschiebung der Klimaziele in Bayern<\/a><\/h2>\t\t\t\t\t<div class=\"entry-meta mb-3\">\n\t\t\t\t\t\t<span class=\"posted-on\"><time class=\"entry-date published\" datetime=\"2025-01-16T11:00:59+00:00\">16 Januar 2025<\/time><time class=\"updated\" datetime=\"2025-01-20T11:01:23+00:00\">20 Januar 2025<\/time><\/span>\t\t\t\t\t<\/div><!-- .entry-meta -->\n\t\t\t\t\t\t\t\t<\/header><!-- .entry-header -->\n\n\t\t\t<div class=\"entry-content\">\n\t\t\t\t<a href=\"https:\/\/patrick-friedl.de\/wps\/2025\/01\/16\/friedl-sieht-klimaschutz-in-bayern-akut-gefaehrdet-stellungnahme-zur-geplanten-verschiebung-der-klimaziele-in-bayern\/\" rel=\"bookmark\">\n\t\t\t\t<p>Stellungnahme von Patrick Friedl, Sprecher f\u00fcr Naturschutz und Klimaanpassung der Gr\u00fcnen Landtagsfraktion, zur Erkl\u00e4rung von Ministerpr\u00e4sident Markus S\u00f6der, Umweltminister Thorsten Glauber beauftragen zu wollen, dass Klimaziel \u201eKlimaneutralit\u00e4t Bayerns bis 2040\u201c [&hellip;]<\/p>\n\t\t\t\t<\/a>\n\t\t\t<\/div><!-- .entry-content -->\n\n\t\t\t<footer class=\"entry-footer\">\n\t\t\t\t\t\t\t<div class=\"d-flex mt-2 mb-2\">\n\t\t\t\t\t\t\t\t<div>\n\t\t<span class=\"cat-links small\"><a href=\"https:\/\/patrick-friedl.de\/wps\/category\/landtag\/klimaanpassung\/\" rel=\"category tag\">Klimaanpassung<\/a>, <a href=\"https:\/\/patrick-friedl.de\/wps\/category\/landtag\/\" rel=\"category tag\">Landtag<\/a>, <a href=\"https:\/\/patrick-friedl.de\/wps\/category\/landtag\/naturschutz\/\" rel=\"category tag\">Naturschutz<\/a>, <a href=\"https:\/\/patrick-friedl.de\/wps\/category\/landtag\/naturschutz\/pressemitteilungen-naturschutz\/\" rel=\"category tag\">Pressemitteilungen<\/a>, <a href=\"https:\/\/patrick-friedl.de\/wps\/category\/landtag\/corona\/pressemitteilungen-corona\/\" rel=\"category tag\">Pressemitteilungen<\/a>, <a href=\"https:\/\/patrick-friedl.de\/wps\/category\/landtag\/klimaanpassung\/pressemitteilungen\/\" rel=\"category tag\">Pressemitteilungen<\/a><\/span>\n\t\t\t\t<\/div>\n\t\t\t<\/div>\n\t\t\n\t\t\t\t<div class=\"d-flex flex-row-reverse\">\n\t\t\t\t\t<a href=\"https:\/\/patrick-friedl.de\/wps\/2025\/01\/16\/friedl-sieht-klimaschutz-in-bayern-akut-gefaehrdet-stellungnahme-zur-geplanten-verschiebung-der-klimaziele-in-bayern\/\" rel=\"bookmark\" class=\"continue-reading\">\n\t\t\t\t\tweiterlesen\t\t\t\t<\/a>\n\t\t\t\t<\/div>\n\t\t\t<\/footer><!-- .entry-footer -->\n\t\t<\/div>\n\t<\/div>\n<\/article><!-- #post-1455 -->\n<\/div><div class=\"col-md-6\">\n<article id=\"post-1398\" class=\"bg-white mb-4 has-shadow post-1398 post type-post status-publish format-standard has-post-thumbnail hentry category-klimaanpassung category-landtag category-pressemitteilungen category-pressemitteilungen-corona\">\n\t<div class=\"\">\n\t\t\t\t\t<div class=\"\">\n\t\t\t\t<a href=\"https:\/\/patrick-friedl.de\/wps\/2024\/11\/04\/patrick-friedl-nimmt-stellung-zur-pressemitteilung-von-staatsministerin-kaniber-bayern-wird-klimafester\/\" aria-label=\"Post Thumbnail\" rel=\"bookmark\">\n\t\t\t\t\t\t\t\t<img loading=\"lazy\" decoding=\"async\" width=\"768\" height=\"384\" src=\"https:\/\/patrick-friedl.de\/wps\/wp-content\/uploads\/2024\/11\/Es-waere-gut-wenn-die-Staatsregierung-schneller-auch-gruene-Antraege-in-die-Umsetzung-bringt-statt-wertvolle-Zeit-zu-verlieren-im-Kampf-gegen-die-Klimaerhitzung-aus-rein-ideologischen-Gruenden-768x384.png\" class=\"post-thumbnail wp-post-image\" alt=\"Patrick Friedl nimmt Stellung zur Pressemitteilung von Staatsministerin Kaniber \u201eBayern wird klimafester&#8220;\" \/>\n\n\t\t\t\t\t\t\t<\/a>\n\t\t\t<\/div>\n\t\t\t\t\t<div class=\"p-45\">\n\t\t\t<header class=\"entry-header mb-2\">\n\t\t\t\t\t\t\t\t<h2 class=\"card-title h4 mb-3\"><a href=\"https:\/\/patrick-friedl.de\/wps\/2024\/11\/04\/patrick-friedl-nimmt-stellung-zur-pressemitteilung-von-staatsministerin-kaniber-bayern-wird-klimafester\/\" rel=\"bookmark\">Patrick Friedl nimmt Stellung zur Pressemitteilung von Staatsministerin Kaniber \u201eBayern wird klimafester&#8220;<\/a><\/h2>\t\t\t\t\t<div class=\"entry-meta mb-3\">\n\t\t\t\t\t\t<span class=\"posted-on\"><time class=\"entry-date published\" datetime=\"2024-11-04T03:19:57+00:00\">4 November 2024<\/time><time class=\"updated\" datetime=\"2024-11-27T03:27:17+00:00\">27 November 2024<\/time><\/span>\t\t\t\t\t<\/div><!-- .entry-meta -->\n\t\t\t\t\t\t\t\t<\/header><!-- .entry-header -->\n\n\t\t\t<div class=\"entry-content\">\n\t\t\t\t<a href=\"https:\/\/patrick-friedl.de\/wps\/2024\/11\/04\/patrick-friedl-nimmt-stellung-zur-pressemitteilung-von-staatsministerin-kaniber-bayern-wird-klimafester\/\" rel=\"bookmark\">\n\t\t\t\t<p>Patrick Friedl, Mitglied der Gr\u00fcnen-Fraktion im Bayerischen Landtag, hat eine Stellungnahme zur aktuellen Pressemitteilung von Staatsministerin Kaniber mit dem Titel \u201eBayern wird klimafester\u201c ver\u00f6ffentlicht. Friedl begr\u00fc\u00dft, dass die Staatsregierung nach [&hellip;]<\/p>\n\t\t\t\t<\/a>\n\t\t\t<\/div><!-- .entry-content -->\n\n\t\t\t<footer class=\"entry-footer\">\n\t\t\t\t\t\t\t<div class=\"d-flex mt-2 mb-2\">\n\t\t\t\t\t\t\t\t<div>\n\t\t<span class=\"cat-links small\"><a href=\"https:\/\/patrick-friedl.de\/wps\/category\/landtag\/klimaanpassung\/\" rel=\"category tag\">Klimaanpassung<\/a>, <a href=\"https:\/\/patrick-friedl.de\/wps\/category\/landtag\/\" rel=\"category tag\">Landtag<\/a>, <a href=\"https:\/\/patrick-friedl.de\/wps\/category\/landtag\/klimaanpassung\/pressemitteilungen\/\" rel=\"category tag\">Pressemitteilungen<\/a>, <a href=\"https:\/\/patrick-friedl.de\/wps\/category\/landtag\/corona\/pressemitteilungen-corona\/\" rel=\"category tag\">Pressemitteilungen<\/a><\/span>\n\t\t\t\t<\/div>\n\t\t\t<\/div>\n\t\t\n\t\t\t\t<div class=\"d-flex flex-row-reverse\">\n\t\t\t\t\t<a href=\"https:\/\/patrick-friedl.de\/wps\/2024\/11\/04\/patrick-friedl-nimmt-stellung-zur-pressemitteilung-von-staatsministerin-kaniber-bayern-wird-klimafester\/\" rel=\"bookmark\" class=\"continue-reading\">\n\t\t\t\t\tweiterlesen\t\t\t\t<\/a>\n\t\t\t\t<\/div>\n\t\t\t<\/footer><!-- .entry-footer -->\n\t\t<\/div>\n\t<\/div>\n<\/article><!-- #post-1398 -->\n<\/div>\n    <a class=\"text-white no-link d-block bg-primary has-green-550-hover-background-color border-radius\" href=\"https:\/\/patrick-friedl.de\/wps?post_type=post\" rel=\"\">\n        <div class=\"p-45 row\">\n        <span class=\"continue-reading text-white text-center pt-0\">zum Blog-Archiv<\/span>\n        <\/div>\n    <\/a>\n<\/div><\/div><\/div>","protected":false},"excerpt":{"rendered":"<p>Pressebilder<\/p>\n","protected":false},"author":1,"featured_media":0,"parent":0,"menu_order":0,"comment_status":"closed","ping_status":"closed","template":"","meta":{"footnotes":""},"class_list":["post-968","page","type-page","status-publish","hentry"],"_links":{"self":[{"href":"https:\/\/patrick-friedl.de\/wps\/wp-json\/wp\/v2\/pages\/968","targetHints":{"allow":["GET"]}}],"collection":[{"href":"https:\/\/patrick-friedl.de\/wps\/wp-json\/wp\/v2\/pages"}],"about":[{"href":"https:\/\/patrick-friedl.de\/wps\/wp-json\/wp\/v2\/types\/page"}],"author":[{"embeddable":true,"href":"https:\/\/patrick-friedl.de\/wps\/wp-json\/wp\/v2\/users\/1"}],"replies":[{"embeddable":true,"href":"https:\/\/patrick-friedl.de\/wps\/wp-json\/wp\/v2\/comments?post=968"}],"version-history":[{"count":14,"href":"https:\/\/patrick-friedl.de\/wps\/wp-json\/wp\/v2\/pages\/968\/revisions"}],"predecessor-version":[{"id":993,"href":"https:\/\/patrick-friedl.de\/wps\/wp-json\/wp\/v2\/pages\/968\/revisions\/993"}],"wp:attachment":[{"href":"https:\/\/patrick-friedl.de\/wps\/wp-json\/wp\/v2\/media?parent=968"}],"curies":[{"name":"wp","href":"https:\/\/api.w.org\/{rel}","templated":true}]}}